{"id":14869,"date":"2014-05-20T07:51:11","date_gmt":"2014-05-20T07:51:11","guid":{"rendered":"https:\/\/demo.qodeinteractive.com\/bridge9\/?page_id=14869"},"modified":"2026-04-01T12:44:38","modified_gmt":"2026-04-01T11:44:38","slug":"home","status":"publish","type":"page","link":"https:\/\/www.loosdrechtyachting.nl\/fr\/","title":{"rendered":"Home"},"content":{"rendered":"<p>[vc_row css_animation=\u00a0\u00bb\u00a0\u00bb row_type=\u00a0\u00bbrow\u00a0\u00bb use_row_as_full_screen_section=\u00a0\u00bbno\u00a0\u00bb type=\u00a0\u00bbfull_width\u00a0\u00bb angled_section=\u00a0\u00bbno\u00a0\u00bb text_align=\u00a0\u00bbleft\u00a0\u00bb background_image_as_pattern=\u00a0\u00bbwithout_pattern\u00a0\u00bb][vc_column][vc_column_text]\n<div id=\"rev_slider_1_1_wrapper\" class=\"rev_slider_wrapper fullwidthbanner-container\" data-source=\"gallery\" style=\"margin:0px auto;background:transparent;padding:0px;margin-top:0px;margin-bottom:0px;\">\n<!-- START REVOLUTION SLIDER 5.4.7.2 fullwidth mode -->\n\t<div id=\"rev_slider_1_1\" class=\"rev_slider fullwidthabanner\" style=\"display:none;\" data-version=\"5.4.7.2\">\n<ul>\t<!-- SLIDE  -->\n\t<li data-index=\"rs-1\" data-transition=\"fade\" data-slotamount=\"default\" data-hideafterloop=\"0\" data-hideslideonmobile=\"off\"  data-easein=\"default\" data-easeout=\"default\" data-masterspeed=\"300\"  data-rotate=\"0\"  data-saveperformance=\"off\"  data-title=\"Slide\" data-param1=\"\" data-param2=\"\" data-param3=\"\" data-param4=\"\" data-param5=\"\" data-param6=\"\" data-param7=\"\" data-param8=\"\" data-param9=\"\" data-param10=\"\" data-description=\"\">\n\t\t<!-- MAIN IMAGE -->\n\t\t<img decoding=\"async\" src=\"https:\/\/www.loosdrechtyachting.nl\/wp-content\/plugins\/revslider\/admin\/assets\/images\/transparent.png\" data-bgcolor='#ffffff' style='background:#ffffff' alt=\"\" title=\"Home\"  data-bgposition=\"center center\" data-bgfit=\"cover\" data-bgrepeat=\"no-repeat\" class=\"rev-slidebg\" data-no-retina>\n\t\t<!-- LAYERS -->\n\n\t\t<!-- LAYER NR. 1 -->\n\t\t<div class=\"tp-caption   tp-resizeme fullscreenvideo tp-videolayer\" \n\t\t\t id=\"slide-1-layer-2\" \n\t\t\t data-x=\"0\" \n\t\t\t data-y=\"0\" \n\t\t\t\t\t\tdata-whitespace=\"nowrap\"\n \n\t\t\tdata-type=\"video\" \n\t\t\tdata-responsive_offset=\"on\" \n\n\t\t\tdata-frames='[{\"delay\":0,\"speed\":300,\"frame\":\"0\",\"from\":\"opacity:0;\",\"to\":\"o:1;\",\"ease\":\"Power3.easeInOut\"},{\"delay\":\"wait\",\"speed\":300,\"frame\":\"999\",\"to\":\"opacity:0;\",\"ease\":\"Power3.easeInOut\"}]'\n data-ytid=\"hOyrxKCBHhI\" data-videoattributes=\"version=3&amp;enablejsapi=1&amp;html5=1&amp;hd=1&wmode=opaque&showinfo=0&rel=0;;origin=https:\/\/www.loosdrechtyachting.nl;\" data-videorate=\"1\" data-videowidth=\"100%\" data-videoheight=\"100%\" data-videocontrols=\"none\" data-videoloop=\"loopandnoslidestop\" data-forceCover=\"1\" data-aspectratio=\"16:9\"\t\t\tdata-textAlign=\"['inherit','inherit','inherit','inherit']\"\n\t\t\tdata-paddingtop=\"[0,0,0,0]\"\n\t\t\tdata-paddingright=\"[0,0,0,0]\"\n\t\t\tdata-paddingbottom=\"[0,0,0,0]\"\n\t\t\tdata-paddingleft=\"[0,0,0,0]\"\n\t\t\tdata-autoplay=\"on\" \n\t\t\tdata-volume=\"mute\"\n\t\t\tstyle=\"z-index: 5;\"> <\/div>\n\t<\/li>\n<\/ul>\n<div class=\"tp-bannertimer tp-bottom\" style=\"visibility: hidden !important;\"><\/div>\t<\/div>\n<script>var htmlDiv = document.getElementById(\"rs-plugin-settings-inline-css\"); var htmlDivCss=\"\";\r\n\t\t\t\tif(htmlDiv) {\r\n\t\t\t\t\thtmlDiv.innerHTML = htmlDiv.innerHTML + htmlDivCss;\r\n\t\t\t\t}else{\r\n\t\t\t\t\tvar htmlDiv = document.createElement(\"div\");\r\n\t\t\t\t\thtmlDiv.innerHTML = \"<style>\" + htmlDivCss + \"<\/style>\";\r\n\t\t\t\t\tdocument.getElementsByTagName(\"head\")[0].appendChild(htmlDiv.childNodes[0]);\r\n\t\t\t\t}\r\n\t\t\t<\/script>\n\t\t<script type=\"text\/javascript\">\r\nif (setREVStartSize!==undefined) setREVStartSize(\r\n\t{c: '#rev_slider_1_1', responsiveLevels: [1240,1240,1240,480], gridwidth: [1800,1800,1800,480], gridheight: [700,700,700,400], sliderLayout: 'fullwidth'});\r\n\t\t\t\r\nvar revapi1,\r\n\ttpj;\t\r\n(function() {\t\t\t\r\n\tif (!\/loaded|interactive|complete\/.test(document.readyState)) document.addEventListener(\"DOMContentLoaded\",onLoad); else onLoad();\t\r\n\tfunction onLoad() {\t\t\t\t\r\n\t\tif (tpj===undefined) { tpj = jQuery; if(\"off\" == \"on\") tpj.noConflict();}\r\n\tif(tpj(\"#rev_slider_1_1\").revolution == undefined){\n\t\trevslider_showDoubleJqueryError(\"#rev_slider_1_1\");\n\t}else{\n\t\trevapi1 = tpj(\"#rev_slider_1_1\").show().revolution({\n\t\t\tsliderType:\"hero\",\n\t\t\tjsFileLocation:\"\/\/www.loosdrechtyachting.nl\/wp-content\/plugins\/revslider\/public\/assets\/js\/\",\n\t\t\tsliderLayout:\"fullwidth\",\n\t\t\tdottedOverlay:\"none\",\n\t\t\tdelay:9000,\n\t\t\tresponsiveLevels:[1240,1240,1240,480],\n\t\t\tvisibilityLevels:[1240,1240,1240,480],\n\t\t\tgridwidth:[1800,1800,1800,480],\n\t\t\tgridheight:[700,700,700,400],\n\t\t\tlazyType:\"none\",\n\t\t\tshadow:0,\n\t\t\tspinner:\"spinner0\",\n\t\t\tautoHeight:\"off\",\n\t\t\tdisableProgressBar:\"on\",\n\t\t\thideThumbsOnMobile:\"off\",\n\t\t\thideSliderAtLimit:0,\n\t\t\thideCaptionAtLimit:0,\n\t\t\thideAllCaptionAtLilmit:0,\n\t\t\tdebugMode:false,\n\t\t\tfallbacks: {\n\t\t\t\tsimplifyAll:\"off\",\n\t\t\t\tdisableFocusListener:false,\n\t\t\t}\n\t\t});\n\t}; \/* END OF revapi call *\/\n\t\n }; \/* END OF ON LOAD FUNCTION *\/\r\n}()); \/* END OF WRAPPING FUNCTION *\/\r\n<\/script>\r\n\t\t<\/div><!-- END REVOLUTION SLIDER -->[\/vc_column_text][\/vc_column][\/vc_row][vc_row css_animation=\u00a0\u00bb\u00a0\u00bb row_type=\u00a0\u00bbrow\u00a0\u00bb use_row_as_full_screen_section=\u00a0\u00bbno\u00a0\u00bb type=\u00a0\u00bbgrid\u00a0\u00bb angled_section=\u00a0\u00bbno\u00a0\u00bb text_align=\u00a0\u00bbcenter\u00a0\u00bb background_image_as_pattern=\u00a0\u00bbwithout_pattern\u00a0\u00bb background_color=\u00a0\u00bb#ffffff\u00a0\u00bb padding_top=\u00a0\u00bb91&Prime; padding_bottom=\u00a0\u00bb106&Prime; el_class=\u00a0\u00bbfix-bg-image\u00a0\u00bb css=\u00a0\u00bb.vc_custom_1568900419205{background-image: url(https:\/\/www.loosdrechtyachting.nl\/wp-content\/uploads\/2019\/09\/test.png?id=16248) !important;}\u00a0\u00bb][vc_column][vc_column_text]<\/p>\n<h2 style=\"text-align: center;\">Bonjour!<\/h2>\n<p>[\/vc_column_text][vc_separator type=\u00a0\u00bbnormal\u00a0\u00bb transparency=\u00a0\u00bb0&Prime; up=\u00a0\u00bb10&Prime; down=\u00a0\u00bb10&Prime;]<div class=\"custom_font_holder\" style=\"font-family: Raleway; font-size: 18px; line-height: 44px; font-style: normal; color: #818181; text-decoration: none; letter-spacing: 0px; text-align: center;\">La companie Loosdrecht Yachting agents de bateaux vous offre presque 40 ans d\u2019experience et repr\u00e9sente un des plus grands et plus importants agents de bateaux aux Pays-Bas. Donc assez de raison pour beaucoup d\u2019acheteurs et vendeurs pour visiter notre port de vente.<\/div>[\/vc_column][\/vc_row][vc_row css_animation=\u00a0\u00bb\u00a0\u00bb row_type=\u00a0\u00bbrow\u00a0\u00bb use_row_as_full_screen_section=\u00a0\u00bbno\u00a0\u00bb type=\u00a0\u00bbgrid\u00a0\u00bb angled_section=\u00a0\u00bbno\u00a0\u00bb text_align=\u00a0\u00bbleft\u00a0\u00bb background_image_as_pattern=\u00a0\u00bbwithout_pattern\u00a0\u00bb background_color=\u00a0\u00bb#ffffff\u00a0\u00bb padding_top=\u00a0\u00bb72&Prime; padding_bottom=\u00a0\u00bb0&Prime;][vc_column width=\u00a0\u00bb1\/3&Prime;][vc_row_inner content_placement=\u00a0\u00bbmiddle\u00a0\u00bb row_type=\u00a0\u00bbrow\u00a0\u00bb type=\u00a0\u00bbfull_width\u00a0\u00bb text_align=\u00a0\u00bbcenter\u00a0\u00bb css_animation=\u00a0\u00bbelement_from_fade\u00a0\u00bb transition_delay=\u00a0\u00bb200&Prime;][vc_column_inner]<div class='image_hover ' style='' data-transition-delay=''><div class='images_holder'><img class='active_image ' src='https:\/\/www.loosdrechtyachting.nl\/wp-content\/uploads\/2014\/05\/ons-aanpak.png' alt='' style='' \/><img class='hover_image' src='https:\/\/www.loosdrechtyachting.nl\/wp-content\/uploads\/2019\/09\/loosdrecht-flip-image.png' alt='' style='' \/><\/div><\/div>[\/vc_column_inner][\/vc_row_inner][vc_separator type=\u00a0\u00bbtransparent\u00a0\u00bb up=\u00a0\u00bb30&Prime; down=\u00a0\u00bb0&Prime;][vc_column_text]<\/p>\n<h3 style=\"text-align: center;\">Taxation gratuite<\/h3>\n<p>[\/vc_column_text][vc_separator type=\u00a0\u00bbtransparent\u00a0\u00bb up=\u00a0\u00bb7&Prime; down=\u00a0\u00bb0&Prime;][vc_column_text]<\/p>\n<p style=\"text-align: center;\">En cas de vouloir vendre votre yacht, nous tout d\u2019abord le faisons inspecter et \u00e9valuer &#8211; sans vous charger ou bien engager. Une telle inspection nous permet de pouvoir estimer les chances de vente que nous ensuite mettons en discussion avec notre client. Apr\u00e8s ce premier pas seulement vous avez la possibilit\u00e9 de nous charger avec la vente de votre yacht.<\/p>\n<p>[\/vc_column_text][vc_separator type=\u00a0\u00bbtransparent\u00a0\u00bb up=\u00a0\u00bb20&Prime; down=\u00a0\u00bb0&Prime;][\/vc_column][vc_column width=\u00a0\u00bb1\/3&Prime;][vc_row_inner content_placement=\u00a0\u00bbmiddle\u00a0\u00bb row_type=\u00a0\u00bbrow\u00a0\u00bb type=\u00a0\u00bbfull_width\u00a0\u00bb text_align=\u00a0\u00bbcenter\u00a0\u00bb css_animation=\u00a0\u00bbelement_from_fade\u00a0\u00bb transition_delay=\u00a0\u00bb400&Prime;][vc_column_inner]<div class='image_hover ' style='' data-transition-delay=''><div class='images_holder'><img class='active_image ' src='https:\/\/www.loosdrechtyachting.nl\/wp-content\/uploads\/2014\/05\/taxatie.png' alt='' style='' \/><img class='hover_image' src='https:\/\/www.loosdrechtyachting.nl\/wp-content\/uploads\/2019\/09\/loosdrecht-flip-image.png' alt='' style='' \/><\/div><\/div>[\/vc_column_inner][\/vc_row_inner][vc_separator type=\u00a0\u00bbtransparent\u00a0\u00bb up=\u00a0\u00bb30&Prime; down=\u00a0\u00bb0&Prime;][vc_column_text]<\/p>\n<h3 style=\"text-align: center;\">Quelque statistique<\/h3>\n<p>[\/vc_column_text][vc_separator type=\u00a0\u00bbtransparent\u00a0\u00bb up=\u00a0\u00bb7&Prime; down=\u00a0\u00bb0&Prime;][vc_column_text]<\/p>\n<p style=\"text-align: center;\">Depuis notre fondation en 1980, le nombre des bateaux vendus par ann\u00e9 a augment\u00e9 d\u00e9cisamment de volume en arrivant \u00e0 plus de 100. Mais il nous reste encore beaucoup \u00e0 faire! Grace \u00e0 inspection aussi bien que taxation avant de vendre votre bateau, notre quotage de succes est tr\u00e8s haut. La plupart des bateaux qui arrivent chez nous trouve un nouveau propri\u00e9taire pendant 6 mois. 30% des acheteurs consistent de client \u00e9trangers.<\/p>\n<p>[\/vc_column_text][vc_separator type=\u00a0\u00bbtransparent\u00a0\u00bb up=\u00a0\u00bb20&Prime; down=\u00a0\u00bb0&Prime;][\/vc_column][vc_column width=\u00a0\u00bb1\/3&Prime;][vc_row_inner content_placement=\u00a0\u00bbmiddle\u00a0\u00bb row_type=\u00a0\u00bbrow\u00a0\u00bb type=\u00a0\u00bbfull_width\u00a0\u00bb text_align=\u00a0\u00bbcenter\u00a0\u00bb css_animation=\u00a0\u00bbelement_from_fade\u00a0\u00bb transition_delay=\u00a0\u00bb600&Prime;][vc_column_inner]<div class='image_hover ' style='' data-transition-delay=''><div class='images_holder'><img class='active_image ' src='https:\/\/www.loosdrechtyachting.nl\/wp-content\/uploads\/2014\/05\/wat-cijvers.png' alt='' style='' \/><img class='hover_image' src='https:\/\/www.loosdrechtyachting.nl\/wp-content\/uploads\/2019\/09\/loosdrecht-flip-image.png' alt='' style='' \/><\/div><\/div>[\/vc_column_inner][\/vc_row_inner][vc_separator type=\u00a0\u00bbtransparent\u00a0\u00bb up=\u00a0\u00bb30&Prime; down=\u00a0\u00bb0&Prime;][vc_column_text]<\/p>\n<h3 style=\"text-align: center;\">Excellents r\u00e9sultats<\/h3>\n<p>[\/vc_column_text][vc_separator type=\u00a0\u00bbtransparent\u00a0\u00bb up=\u00a0\u00bb7&Prime; down=\u00a0\u00bb0&Prime;][vc_column_text]<\/p>\n<p style=\"text-align: center;\">Nous les remercions aux divers activit\u00e9s: le contact avec nos clients, tele- et internetmarketing, advertissements, l\u2019attendance des foires sp\u00e9cialis\u00e9s, la publication de notre propre brochure et naturellement la bonne maintenance des yachts. L\u2019organisation des HISWA agents de yachts nous stimule et nous assiste.<\/p>\n<p>[\/vc_column_text][vc_separator type=\u00a0\u00bbtransparent\u00a0\u00bb up=\u00a0\u00bb20&Prime; down=\u00a0\u00bb0&Prime;][\/vc_column][\/vc_row][vc_row css_animation=\u00a0\u00bb\u00a0\u00bb row_type=\u00a0\u00bbrow\u00a0\u00bb use_row_as_full_screen_section=\u00a0\u00bbno\u00a0\u00bb type=\u00a0\u00bbgrid\u00a0\u00bb angled_section=\u00a0\u00bbno\u00a0\u00bb text_align=\u00a0\u00bbcenter\u00a0\u00bb background_image_as_pattern=\u00a0\u00bbwithout_pattern\u00a0\u00bb background_color=\u00a0\u00bb#f2f2f2&Prime; padding_top=\u00a0\u00bb91&Prime; padding_bottom=\u00a0\u00bb106&Prime;][vc_column][vc_column_text]<\/p>\n<h2 style=\"text-align: center;\">Notre offre<\/h2>\n<p>[\/vc_column_text][vc_separator type=\u00a0\u00bbnormal\u00a0\u00bb transparency=\u00a0\u00bb0&Prime; up=\u00a0\u00bb10&Prime; down=\u00a0\u00bb10&Prime;]<div class=\"custom_font_holder\" style=\"font-family: Raleway; font-size: 18px; line-height: 44px; font-style: normal; color: #818181; text-decoration: none; letter-spacing: 0px; text-align: center;\"><\/p>\n<p style=\"text-align: center;\">Loosdrecht Yachting s\u2019est sp\u00e9cialis\u00e9 sur la vente des yachts \u00e0 moteur, des \u00ab\u00a0vletten\u00a0\u00bb et des cutters. Leur cat\u00e9gorie de grandeur: 10 &#8211; 20 m\u00e8tres. La plupart de nos yachts a \u00e9t\u00e9 construite dans les Pays Bas et ils sont \u00e9quipp\u00e9s avec un moteur \u00e0 diesel. Les ann\u00e9es de construction: d\u00e9but ann\u00e9es \u201870 jusqu\u2019\u00e0 derniers models. Les prix sont en correspondance avec l\u2019ann\u00e9e de construction, lusinage et la maintenance du bateau en question. La vente a presque exclusivement lieu dans notre port de vente &#8211; un fait qui a contribu\u00e9 \u00e9norm\u00e9ment \u00e0 notre succes.<\/p>\n<p><\/div>[vc_separator type=\u00a0\u00bbtransparent\u00a0\u00bb up=\u00a0\u00bb10&Prime; down=\u00a0\u00bb15&Prime;]<a  href=\"\/fr\/bateaux-a-vendre\/\" target=\"_self\" data-hover-color=#ffffff class=\"qbutton  center\" style=\"\">Voir notre compl\u00e8te offre<i class=\"fa fa-ship\" style=\"\"><\/i><\/a>[\/vc_column][\/vc_row][vc_row css_animation=\u00a0\u00bb\u00a0\u00bb row_type=\u00a0\u00bbrow\u00a0\u00bb use_row_as_full_screen_section=\u00a0\u00bbno\u00a0\u00bb type=\u00a0\u00bbgrid\u00a0\u00bb angled_section=\u00a0\u00bbno\u00a0\u00bb text_align=\u00a0\u00bbcenter\u00a0\u00bb background_image_as_pattern=\u00a0\u00bbwithout_pattern\u00a0\u00bb background_color=\u00a0\u00bb#ffffff\u00a0\u00bb padding_top=\u00a0\u00bb91&Prime; padding_bottom=\u00a0\u00bb106&Prime;][vc_column][vc_column_text]<\/p>\n<h2 style=\"text-align: center;\">Excellents r\u00e9sultats<\/h2>\n<p>[\/vc_column_text][vc_separator type=\u00a0\u00bbnormal\u00a0\u00bb transparency=\u00a0\u00bb0&Prime; up=\u00a0\u00bb10&Prime; down=\u00a0\u00bb10&Prime;]<div class=\"custom_font_holder\" style=\"font-family: Raleway; font-size: 18px; line-height: 44px; font-style: normal; color: #818181; text-decoration: none; letter-spacing: 0px; text-align: center;\"><\/p>\n<p style=\"text-align: center;\">Nous les remercions aux divers activit\u00e9s: le contact avec nos clients, tele- et internetmarketing, advertissements, l\u2019attendance des foires sp\u00e9cialis\u00e9s, la publication de notre propre brochure et naturellement la bonne maintenance des yachts. L\u2019organisation des HISWA agents de yachts nous stimule et nous assiste.<\/p>\n<p><\/div>[vc_separator type=\u00a0\u00bbtransparent\u00a0\u00bb up=\u00a0\u00bb10&Prime; down=\u00a0\u00bb15&Prime;][\/vc_column][\/vc_row][vc_row css_animation=\u00a0\u00bb\u00a0\u00bb row_type=\u00a0\u00bbrow\u00a0\u00bb use_row_as_full_screen_section=\u00a0\u00bbno\u00a0\u00bb type=\u00a0\u00bbgrid\u00a0\u00bb angled_section=\u00a0\u00bbno\u00a0\u00bb text_align=\u00a0\u00bbcenter\u00a0\u00bb background_image_as_pattern=\u00a0\u00bbwithout_pattern\u00a0\u00bb background_color=\u00a0\u00bb#f2f2f2&Prime; padding_top=\u00a0\u00bb91&Prime; padding_bottom=\u00a0\u00bb106&Prime;][vc_column][vc_column_text]<\/p>\n<h2 style=\"text-align: center;\">Loosdrecht Yachting &#8211; Courtages de bateaux au coeur du march\u00e9<\/h2>\n<p>[\/vc_column_text][vc_separator type=\u00a0\u00bbnormal\u00a0\u00bb transparency=\u00a0\u00bb0&Prime; up=\u00a0\u00bb10&Prime; down=\u00a0\u00bb10&Prime;]<div class=\"custom_font_holder\" style=\"font-family: Raleway; font-size: 18px; line-height: 44px; font-style: normal; color: #818181; text-decoration: none; letter-spacing: 0px; text-align: center;\">La position de notre port est vraiment unique: au coeur du village de Loosdrecht qui a un role dominant pour le yachting soit dans les Pays Bas que dans tout l\u2019Europe. En plus, Loosdrecht a une position dirigeante dans le monde de la vente des yachts. A cot\u00e9 d\u2019un grand nombre d\u2019importeurs, plus de 15% de tous les agents de yachts sont situ\u00e9s \u00e0 Loosdrecht. Notre sp\u00e9cialisation au milieu d\u2019un centre de yachts vous offre tous les possibilit\u00e9s. Un avantage qui attire plus de 3000 interess\u00e9s chaque ann\u00e9e.<\/div>[vc_separator type=\u00a0\u00bbtransparent\u00a0\u00bb up=\u00a0\u00bb10&Prime; down=\u00a0\u00bb15&Prime;][\/vc_column][\/vc_row]<\/p>\n","protected":false},"excerpt":{"rendered":"<p>[vc_row css_animation=\u00a0\u00bb\u00a0\u00bb row_type=\u00a0\u00bbrow\u00a0\u00bb use_row_as_full_screen_section=\u00a0\u00bbno\u00a0\u00bb type=\u00a0\u00bbfull_width\u00a0\u00bb angled_section=\u00a0\u00bbno\u00a0\u00bb text_align=\u00a0\u00bbleft\u00a0\u00bb background_image_as_pattern=\u00a0\u00bbwithout_pattern\u00a0\u00bb][vc_column][vc_column_text][\/vc_column_text][\/vc_column][\/vc_row][vc_row css_animation=\u00a0\u00bb\u00a0\u00bb row_type=\u00a0\u00bbrow\u00a0\u00bb use_row_as_full_screen_section=\u00a0\u00bbno\u00a0\u00bb type=\u00a0\u00bbgrid\u00a0\u00bb angled_section=\u00a0\u00bbno\u00a0\u00bb text_align=\u00a0\u00bbcenter\u00a0\u00bb background_image_as_pattern=\u00a0\u00bbwithout_pattern\u00a0\u00bb background_color=\u00a0\u00bb#ffffff\u00a0\u00bb padding_top=\u00a0\u00bb91&Prime; padding_bottom=\u00a0\u00bb106&Prime; el_class=\u00a0\u00bbfix-bg-image\u00a0\u00bb css=\u00a0\u00bb.vc_custom_1568900419205{background-image: url(https:\/\/www.loosdrechtyachting.nl\/wp-content\/uploads\/2019\/09\/test.png?id=16248) !important;}\u00a0\u00bb][vc_column][vc_column_text] Bonjour! [\/vc_column_text][vc_separator type=\u00a0\u00bbnormal\u00a0\u00bb transparency=\u00a0\u00bb0&Prime; up=\u00a0\u00bb10&Prime; down=\u00a0\u00bb10&Prime;][\/vc_column][\/vc_row][vc_row css_animation=\u00a0\u00bb\u00a0\u00bb row_type=\u00a0\u00bbrow\u00a0\u00bb use_row_as_full_screen_section=\u00a0\u00bbno\u00a0\u00bb type=\u00a0\u00bbgrid\u00a0\u00bb angled_section=\u00a0\u00bbno\u00a0\u00bb text_align=\u00a0\u00bbleft\u00a0\u00bb background_image_as_pattern=\u00a0\u00bbwithout_pattern\u00a0\u00bb background_color=\u00a0\u00bb#ffffff\u00a0\u00bb padding_top=\u00a0\u00bb72&Prime; padding_bottom=\u00a0\u00bb0&Prime;][vc_column width=\u00a0\u00bb1\/3&Prime;][vc_row_inner content_placement=\u00a0\u00bbmiddle\u00a0\u00bb row_type=\u00a0\u00bbrow\u00a0\u00bb type=\u00a0\u00bbfull_width\u00a0\u00bb text_align=\u00a0\u00bbcenter\u00a0\u00bb css_animation=\u00a0\u00bbelement_from_fade\u00a0\u00bb transition_delay=\u00a0\u00bb200&Prime;][vc_column_inner][\/vc_column_inner][\/vc_row_inner][vc_separator&#8230;<\/p>\n","protected":false},"author":2,"featured_media":0,"parent":0,"menu_order":0,"comment_status":"open","ping_status":"open","template":"full_width.php","meta":{"footnotes":""},"class_list":["post-14869","page","type-page","status-publish","hentry"],"_links":{"self":[{"href":"https:\/\/www.loosdrechtyachting.nl\/fr\/wp-json\/wp\/v2\/pages\/14869","targetHints":{"allow":["GET"]}}],"collection":[{"href":"https:\/\/www.loosdrechtyachting.nl\/fr\/wp-json\/wp\/v2\/pages"}],"about":[{"href":"https:\/\/www.loosdrechtyachting.nl\/fr\/wp-json\/wp\/v2\/types\/page"}],"author":[{"embeddable":true,"href":"https:\/\/www.loosdrechtyachting.nl\/fr\/wp-json\/wp\/v2\/users\/2"}],"replies":[{"embeddable":true,"href":"https:\/\/www.loosdrechtyachting.nl\/fr\/wp-json\/wp\/v2\/comments?post=14869"}],"version-history":[{"count":237,"href":"https:\/\/www.loosdrechtyachting.nl\/fr\/wp-json\/wp\/v2\/pages\/14869\/revisions"}],"predecessor-version":[{"id":16414,"href":"https:\/\/www.loosdrechtyachting.nl\/fr\/wp-json\/wp\/v2\/pages\/14869\/revisions\/16414"}],"wp:attachment":[{"href":"https:\/\/www.loosdrechtyachting.nl\/fr\/wp-json\/wp\/v2\/media?parent=14869"}],"curies":[{"name":"wp","href":"https:\/\/api.w.org\/{rel}","templated":true}]}}