{"id":14869,"date":"2014-05-20T07:51:11","date_gmt":"2014-05-20T07:51:11","guid":{"rendered":"https:\/\/demo.qodeinteractive.com\/bridge9\/?page_id=14869"},"modified":"2026-04-01T12:44:38","modified_gmt":"2026-04-01T11:44:38","slug":"home","status":"publish","type":"page","link":"https:\/\/www.loosdrechtyachting.nl\/de\/","title":{"rendered":"Home"},"content":{"rendered":"<p>[vc_row css_animation=&#8220;&#8220; row_type=&#8220;row&#8220; use_row_as_full_screen_section=&#8220;no&#8220; type=&#8220;full_width&#8220; angled_section=&#8220;no&#8220; text_align=&#8220;left&#8220; background_image_as_pattern=&#8220;without_pattern&#8220;][vc_column][vc_column_text]\n<div id=\"rev_slider_1_1_wrapper\" class=\"rev_slider_wrapper fullwidthbanner-container\" data-source=\"gallery\" style=\"margin:0px auto;background:transparent;padding:0px;margin-top:0px;margin-bottom:0px;\">\n<!-- START REVOLUTION SLIDER 5.4.7.2 fullwidth mode -->\n\t<div id=\"rev_slider_1_1\" class=\"rev_slider fullwidthabanner\" style=\"display:none;\" data-version=\"5.4.7.2\">\n<ul>\t<!-- SLIDE  -->\n\t<li data-index=\"rs-1\" data-transition=\"fade\" data-slotamount=\"default\" data-hideafterloop=\"0\" data-hideslideonmobile=\"off\"  data-easein=\"default\" data-easeout=\"default\" data-masterspeed=\"300\"  data-rotate=\"0\"  data-saveperformance=\"off\"  data-title=\"Slide\" data-param1=\"\" data-param2=\"\" data-param3=\"\" data-param4=\"\" data-param5=\"\" data-param6=\"\" data-param7=\"\" data-param8=\"\" data-param9=\"\" data-param10=\"\" data-description=\"\">\n\t\t<!-- MAIN IMAGE -->\n\t\t<img decoding=\"async\" src=\"https:\/\/www.loosdrechtyachting.nl\/wp-content\/plugins\/revslider\/admin\/assets\/images\/transparent.png\" data-bgcolor='#ffffff' style='background:#ffffff' alt=\"\" title=\"Home\"  data-bgposition=\"center center\" data-bgfit=\"cover\" data-bgrepeat=\"no-repeat\" class=\"rev-slidebg\" data-no-retina>\n\t\t<!-- LAYERS -->\n\n\t\t<!-- LAYER NR. 1 -->\n\t\t<div class=\"tp-caption   tp-resizeme fullscreenvideo tp-videolayer\" \n\t\t\t id=\"slide-1-layer-2\" \n\t\t\t data-x=\"0\" \n\t\t\t data-y=\"0\" \n\t\t\t\t\t\tdata-whitespace=\"nowrap\"\n \n\t\t\tdata-type=\"video\" \n\t\t\tdata-responsive_offset=\"on\" \n\n\t\t\tdata-frames='[{\"delay\":0,\"speed\":300,\"frame\":\"0\",\"from\":\"opacity:0;\",\"to\":\"o:1;\",\"ease\":\"Power3.easeInOut\"},{\"delay\":\"wait\",\"speed\":300,\"frame\":\"999\",\"to\":\"opacity:0;\",\"ease\":\"Power3.easeInOut\"}]'\n data-ytid=\"hOyrxKCBHhI\" data-videoattributes=\"version=3&amp;enablejsapi=1&amp;html5=1&amp;hd=1&wmode=opaque&showinfo=0&rel=0;;origin=https:\/\/www.loosdrechtyachting.nl;\" data-videorate=\"1\" data-videowidth=\"100%\" data-videoheight=\"100%\" data-videocontrols=\"none\" data-videoloop=\"loopandnoslidestop\" data-forceCover=\"1\" data-aspectratio=\"16:9\"\t\t\tdata-textAlign=\"['inherit','inherit','inherit','inherit']\"\n\t\t\tdata-paddingtop=\"[0,0,0,0]\"\n\t\t\tdata-paddingright=\"[0,0,0,0]\"\n\t\t\tdata-paddingbottom=\"[0,0,0,0]\"\n\t\t\tdata-paddingleft=\"[0,0,0,0]\"\n\t\t\tdata-autoplay=\"on\" \n\t\t\tdata-volume=\"mute\"\n\t\t\tstyle=\"z-index: 5;\"> <\/div>\n\t<\/li>\n<\/ul>\n<div class=\"tp-bannertimer tp-bottom\" style=\"visibility: hidden !important;\"><\/div>\t<\/div>\n<script>var htmlDiv = document.getElementById(\"rs-plugin-settings-inline-css\"); var htmlDivCss=\"\";\r\n\t\t\t\tif(htmlDiv) {\r\n\t\t\t\t\thtmlDiv.innerHTML = htmlDiv.innerHTML + htmlDivCss;\r\n\t\t\t\t}else{\r\n\t\t\t\t\tvar htmlDiv = document.createElement(\"div\");\r\n\t\t\t\t\thtmlDiv.innerHTML = \"<style>\" + htmlDivCss + \"<\/style>\";\r\n\t\t\t\t\tdocument.getElementsByTagName(\"head\")[0].appendChild(htmlDiv.childNodes[0]);\r\n\t\t\t\t}\r\n\t\t\t<\/script>\n\t\t<script type=\"text\/javascript\">\r\nif (setREVStartSize!==undefined) setREVStartSize(\r\n\t{c: '#rev_slider_1_1', responsiveLevels: [1240,1240,1240,480], gridwidth: [1800,1800,1800,480], gridheight: [700,700,700,400], sliderLayout: 'fullwidth'});\r\n\t\t\t\r\nvar revapi1,\r\n\ttpj;\t\r\n(function() {\t\t\t\r\n\tif (!\/loaded|interactive|complete\/.test(document.readyState)) document.addEventListener(\"DOMContentLoaded\",onLoad); else onLoad();\t\r\n\tfunction onLoad() {\t\t\t\t\r\n\t\tif (tpj===undefined) { tpj = jQuery; if(\"off\" == \"on\") tpj.noConflict();}\r\n\tif(tpj(\"#rev_slider_1_1\").revolution == undefined){\n\t\trevslider_showDoubleJqueryError(\"#rev_slider_1_1\");\n\t}else{\n\t\trevapi1 = tpj(\"#rev_slider_1_1\").show().revolution({\n\t\t\tsliderType:\"hero\",\n\t\t\tjsFileLocation:\"\/\/www.loosdrechtyachting.nl\/wp-content\/plugins\/revslider\/public\/assets\/js\/\",\n\t\t\tsliderLayout:\"fullwidth\",\n\t\t\tdottedOverlay:\"none\",\n\t\t\tdelay:9000,\n\t\t\tresponsiveLevels:[1240,1240,1240,480],\n\t\t\tvisibilityLevels:[1240,1240,1240,480],\n\t\t\tgridwidth:[1800,1800,1800,480],\n\t\t\tgridheight:[700,700,700,400],\n\t\t\tlazyType:\"none\",\n\t\t\tshadow:0,\n\t\t\tspinner:\"spinner0\",\n\t\t\tautoHeight:\"off\",\n\t\t\tdisableProgressBar:\"on\",\n\t\t\thideThumbsOnMobile:\"off\",\n\t\t\thideSliderAtLimit:0,\n\t\t\thideCaptionAtLimit:0,\n\t\t\thideAllCaptionAtLilmit:0,\n\t\t\tdebugMode:false,\n\t\t\tfallbacks: {\n\t\t\t\tsimplifyAll:\"off\",\n\t\t\t\tdisableFocusListener:false,\n\t\t\t}\n\t\t});\n\t}; \/* END OF revapi call *\/\n\t\n }; \/* END OF ON LOAD FUNCTION *\/\r\n}()); \/* END OF WRAPPING FUNCTION *\/\r\n<\/script>\r\n\t\t<\/div><!-- END REVOLUTION SLIDER -->[\/vc_column_text][\/vc_column][\/vc_row][vc_row css_animation=&#8220;&#8220; row_type=&#8220;row&#8220; use_row_as_full_screen_section=&#8220;no&#8220; type=&#8220;grid&#8220; angled_section=&#8220;no&#8220; text_align=&#8220;center&#8220; background_image_as_pattern=&#8220;without_pattern&#8220; background_color=&#8220;#ffffff&#8220; padding_top=&#8220;91&#8243; padding_bottom=&#8220;106&#8243; el_class=&#8220;fix-bg-image&#8220; css=&#8220;.vc_custom_1568900386871{background-image: url(https:\/\/www.loosdrechtyachting.nl\/wp-content\/uploads\/2019\/09\/test.png?id=16248) !important;}&#8220;][vc_column][vc_column_text]<\/p>\n<h2 style=\"text-align: center;\">Willkommen!<\/h2>\n<p>[\/vc_column_text][vc_separator type=&#8220;normal&#8220; transparency=&#8220;0&#8243; up=&#8220;10&#8243; down=&#8220;10&#8243;]<div class=\"custom_font_holder\" style=\"font-family: Raleway; font-size: 18px; line-height: 44px; font-style: normal; color: #818181; text-decoration: none; letter-spacing: 0px; text-align: center;\">Die Firma Loosdrecht Yachting verf\u00fcgt \u00fcber fast 40-j\u00e4hrige Erfahrung und steht inzwischen als eine der gr\u00f6ssten an der Spitze aller niederl\u00e4ndischen Yachtmakler. Grund genug f\u00fcr viele K\u00e4ufer und Verk\u00e4ufer, unseren Verkaufshafen zu besuchen.<\/div>[\/vc_column][\/vc_row][vc_row css_animation=&#8220;&#8220; row_type=&#8220;row&#8220; use_row_as_full_screen_section=&#8220;no&#8220; type=&#8220;grid&#8220; angled_section=&#8220;no&#8220; text_align=&#8220;left&#8220; background_image_as_pattern=&#8220;without_pattern&#8220; background_color=&#8220;#ffffff&#8220; padding_top=&#8220;72&#8243; padding_bottom=&#8220;0&#8243;][vc_column width=&#8220;1\/3&#8243;][vc_row_inner row_type=&#8220;row&#8220; type=&#8220;full_width&#8220; text_align=&#8220;center&#8220; css_animation=&#8220;element_from_fade&#8220; transition_delay=&#8220;200&#8243;][vc_column_inner]<div class='image_hover ' style='' data-transition-delay=''><div class='images_holder'><img class='active_image ' src='https:\/\/www.loosdrechtyachting.nl\/wp-content\/uploads\/2014\/05\/ons-aanpak.png' alt='' style='' \/><img class='hover_image' src='https:\/\/www.loosdrechtyachting.nl\/wp-content\/uploads\/2019\/09\/loosdrecht-flip-image.png' alt='' style='' \/><\/div><\/div>[\/vc_column_inner][\/vc_row_inner][vc_separator type=&#8220;transparent&#8220; up=&#8220;30&#8243; down=&#8220;0&#8243;][vc_column_text]<\/p>\n<h3 style=\"text-align: center;\">Unser Konzept<\/h3>\n<p>[\/vc_column_text][vc_separator type=&#8220;transparent&#8220; up=&#8220;7&#8243; down=&#8220;0&#8243;][vc_column_text]<\/p>\n<p style=\"text-align: center;\">Unser Konzept ist sehr pers\u00f6nlich. Soweit m\u00f6glich begleiten wir potentielle Kaufinteressenten zu den Yachten, die sie interessieren. Unsere Mitarbeiter stehen jederzeit in unserem Verkaufshafen mit Information oder Hilfe beim Treffen der Wahl zur Verf\u00fcgung. Loosdrecht Yachting kann Ihnen auch bei allen weiteren Schritten wie Finanzierung, Versicherung, Transport, Umbauten usw. Unterst\u00fctzung bieten. Der Verkauf erfolgt praktisch ausschliesslich in unserem Verkaufshafen &#8211; eine Praxis, die entscheidenden Anteil an unserem Erfolg hat.<\/p>\n<p>[\/vc_column_text][vc_separator type=&#8220;transparent&#8220; up=&#8220;20&#8243; down=&#8220;0&#8243;][\/vc_column][vc_column width=&#8220;1\/3&#8243;][vc_row_inner row_type=&#8220;row&#8220; type=&#8220;full_width&#8220; text_align=&#8220;center&#8220; css_animation=&#8220;element_from_fade&#8220; transition_delay=&#8220;400&#8243;][vc_column_inner]<div class='image_hover ' style='' data-transition-delay=''><div class='images_holder'><img class='active_image ' src='https:\/\/www.loosdrechtyachting.nl\/wp-content\/uploads\/2014\/05\/taxatie.png' alt='' style='' \/><img class='hover_image' src='https:\/\/www.loosdrechtyachting.nl\/wp-content\/uploads\/2019\/09\/loosdrecht-flip-image.png' alt='' style='' \/><\/div><\/div>[\/vc_column_inner][\/vc_row_inner][vc_separator type=&#8220;transparent&#8220; up=&#8220;30&#8243; down=&#8220;0&#8243;][vc_column_text]<\/p>\n<h3 style=\"text-align: center;\">Gratis Verkauftaxation<\/h3>\n<p>[\/vc_column_text][vc_separator type=&#8220;transparent&#8220; up=&#8220;7&#8243; down=&#8220;0&#8243;][vc_column_text]<\/p>\n<p style=\"text-align: center;\">Sofern ein Kunde seine Yacht verkaufen m\u00f6chte, wird diese zun\u00e4chst unentgeltlich und unverbindlich durch uns inspiziert und taxiert. Eine solche Inspektion erlaubt uns, die Verkaufsm\u00f6glichkeiten einzusch\u00e4tzen und sie mit dem Verk\u00e4ufer zu besprechen. Erst danach kann der Kunde uns mit dem Verkauf beauftragen und den Transport seiner Yacht in unseren Hafen veranlassen.<\/p>\n<p>[\/vc_column_text][vc_separator type=&#8220;transparent&#8220; up=&#8220;20&#8243; down=&#8220;0&#8243;][\/vc_column][vc_column width=&#8220;1\/3&#8243;][vc_row_inner row_type=&#8220;row&#8220; type=&#8220;full_width&#8220; text_align=&#8220;center&#8220; css_animation=&#8220;element_from_fade&#8220; transition_delay=&#8220;600&#8243;][vc_column_inner]<div class='image_hover ' style='' data-transition-delay=''><div class='images_holder'><img class='active_image ' src='https:\/\/www.loosdrechtyachting.nl\/wp-content\/uploads\/2014\/05\/wat-cijvers.png' alt='' style='' \/><img class='hover_image' src='https:\/\/www.loosdrechtyachting.nl\/wp-content\/uploads\/2019\/09\/loosdrecht-flip-image.png' alt='' style='' \/><\/div><\/div>[\/vc_column_inner][\/vc_row_inner][vc_separator type=&#8220;transparent&#8220; up=&#8220;30&#8243; down=&#8220;0&#8243;][vc_column_text]<\/p>\n<h3 style=\"text-align: center;\">Etwas Statistik<\/h3>\n<p>[\/vc_column_text][vc_separator type=&#8220;transparent&#8220; up=&#8220;7&#8243; down=&#8220;0&#8243;][vc_column_text]<\/p>\n<p style=\"text-align: center;\">Seit unserer Firmengr\u00fcndung 1980 ist die Anzahl der j\u00e4hrlich verkauften Yachten auf \u00fcber 100 gestiegen. Aber wir k\u00f6nnen noch viel mehr! Dank im voraus durchgef\u00fchrter Inspektionen und Taxationen liegt unsere Verkaufsquote hoch. Das gr\u00f6\u00dfte Teil aller uns anvertrauten Yachten findet innerhalb von 6 Monaten einen neuen Besitzer. Unsere K\u00e4ufer bestehen zu ca. 30% aus ausl\u00e4ndischen Kunden.<\/p>\n<p>[\/vc_column_text][vc_separator type=&#8220;transparent&#8220; up=&#8220;20&#8243; down=&#8220;0&#8243;][\/vc_column][\/vc_row][vc_row css_animation=&#8220;&#8220; row_type=&#8220;row&#8220; use_row_as_full_screen_section=&#8220;no&#8220; type=&#8220;grid&#8220; angled_section=&#8220;no&#8220; text_align=&#8220;center&#8220; background_image_as_pattern=&#8220;without_pattern&#8220; background_color=&#8220;#f2f2f2&#8243; padding_top=&#8220;91&#8243; padding_bottom=&#8220;106&#8243;][vc_column][vc_column_text]<\/p>\n<h2 style=\"text-align: center;\">Unser Angebot<\/h2>\n<p>[\/vc_column_text][vc_separator type=&#8220;normal&#8220; transparency=&#8220;0&#8243; up=&#8220;10&#8243; down=&#8220;10&#8243;]<div class=\"custom_font_holder\" style=\"font-family: Raleway; font-size: 18px; line-height: 44px; font-style: normal; color: #818181; text-decoration: none; letter-spacing: 0px; text-align: center;\"><\/p>\n<p style=\"text-align: center;\">Loosdrecht Yachting hat sich auf den Verkauf von Motoryachten, Kutter und &#8222;Vletten&#8220; in der Gr\u00f6ssenordnung von 10 bis 20 Meter L\u00e4nge spezialisiert. Die meisten unserer Yachten wurden in den Niederlanden gebaut und sind mit Dieselmotoren ausger\u00fcstet. Die Baujahre variieren von den siebziger Jahren bis hin zu nagelneuen Modellen. Die Preise korrespondieren mit Baujahr, Verarbeitung sowie Unterhaltszustand. Das ganze Jahr \u00fcber finden Sie in unserem Verkaufshafen ein wechselndes Angebot von 50 bis 100 durch uns selektierte Yachten.<\/p>\n<p><\/div>[vc_separator type=&#8220;transparent&#8220; up=&#8220;10&#8243; down=&#8220;15&#8243;]<a  href=\"\/de\/angebot\/\" target=\"_self\" data-hover-color=#ffffff class=\"qbutton  center\" style=\"\">Sehen Sie unsere komplette angebot<i class=\"fa fa-ship\" style=\"\"><\/i><\/a>[\/vc_column][\/vc_row][vc_row css_animation=&#8220;&#8220; row_type=&#8220;row&#8220; use_row_as_full_screen_section=&#8220;no&#8220; type=&#8220;grid&#8220; angled_section=&#8220;no&#8220; text_align=&#8220;center&#8220; background_image_as_pattern=&#8220;without_pattern&#8220; background_color=&#8220;#ffffff&#8220; padding_top=&#8220;91&#8243; padding_bottom=&#8220;106&#8243;][vc_column][vc_column_text]<\/p>\n<h2 style=\"text-align: center;\">Gute Resultate<\/h2>\n<p>[\/vc_column_text][vc_separator type=&#8220;normal&#8220; transparency=&#8220;0&#8243; up=&#8220;10&#8243; down=&#8220;10&#8243;]<div class=\"custom_font_holder\" style=\"font-family: Raleway; font-size: 18px; line-height: 44px; font-style: normal; color: #818181; text-decoration: none; letter-spacing: 0px; text-align: center;\"><\/p>\n<p style=\"text-align: center;\">Die verdanken wir in erster Linie unseren vielv\u00e4ltigen Aktivit\u00e4ten wie Kundenpflege, Tele- und Internetmarketing, Werbung, B\u00f6rsenbesuchen, Publikation und Versendung einer hauseigenen Verkaufsbrosch\u00fcre, Promotion unseres Verkaufshafens und selbstverst\u00e4ndlich der Pflege unserer Yachten. Vergessen werden darf auch nicht die hervorragende Organisation der HISWA Yachtmakler und der N.B.M.S. (Niederl\u00e4ndischen Vereinigung der Schiffsmakler), die dabei eine nicht unbedeutende Rolle spielt.<\/p>\n<p><\/div>[vc_separator type=&#8220;transparent&#8220; up=&#8220;10&#8243; down=&#8220;15&#8243;][\/vc_column][\/vc_row][vc_row css_animation=&#8220;&#8220; row_type=&#8220;row&#8220; use_row_as_full_screen_section=&#8220;no&#8220; type=&#8220;grid&#8220; angled_section=&#8220;no&#8220; text_align=&#8220;center&#8220; background_image_as_pattern=&#8220;without_pattern&#8220; background_color=&#8220;#f2f2f2&#8243; padding_top=&#8220;91&#8243; padding_bottom=&#8220;106&#8243;][vc_column][vc_column_text]<\/p>\n<h2 style=\"text-align: center;\">Loosdrecht Yachting zentral im Markt<\/h2>\n<p>[\/vc_column_text][vc_separator type=&#8220;normal&#8220; transparency=&#8220;0&#8243; up=&#8220;10&#8243; down=&#8220;10&#8243;]<div class=\"custom_font_holder\" style=\"font-family: Raleway; font-size: 18px; line-height: 44px; font-style: normal; color: #818181; text-decoration: none; letter-spacing: 0px; text-align: center;\">Die Lage unseres Verkaufshafens ist einzigartig. Im Herzen von Loosdrecht, das eine zentrale Rolle f\u00fcr den Wassersport in den Niederlanden und in Europa spielt! Dar\u00fcber hinaus nimmt Loosdrecht einen f\u00fchrenden Platz in der Welt des Yachtverkaufs ein. Neben einer grossen Anzahl von H\u00e4ndlern und Importeuren, haben ca. 15% aller niederl\u00e4ndischen Yachtmakler ihren Sitzs in Loosdrecht. Unsere Spezialisierung auf Motoryachten bietet inmitten dieses Yachthandelzentrums eine \u00fcberdurchschnittlich gute Ausgangsposition f\u00fcr den Kauf oder Verkauf einer Motoryacht. Darum besuchen uns j\u00e4hrlich mehr als 3000 interessierte K\u00e4ufer und Verk\u00e4ufer.<\/div>[vc_separator type=&#8220;transparent&#8220; up=&#8220;10&#8243; down=&#8220;15&#8243;][\/vc_column][\/vc_row]<\/p>\n","protected":false},"excerpt":{"rendered":"<p>[vc_row css_animation=&#8220;&#8220; row_type=&#8220;row&#8220; use_row_as_full_screen_section=&#8220;no&#8220; type=&#8220;full_width&#8220; angled_section=&#8220;no&#8220; text_align=&#8220;left&#8220; background_image_as_pattern=&#8220;without_pattern&#8220;][vc_column][vc_column_text][\/vc_column_text][\/vc_column][\/vc_row][vc_row css_animation=&#8220;&#8220; row_type=&#8220;row&#8220; use_row_as_full_screen_section=&#8220;no&#8220; type=&#8220;grid&#8220; angled_section=&#8220;no&#8220; text_align=&#8220;center&#8220; background_image_as_pattern=&#8220;without_pattern&#8220; background_color=&#8220;#ffffff&#8220; padding_top=&#8220;91&#8243; padding_bottom=&#8220;106&#8243; el_class=&#8220;fix-bg-image&#8220; css=&#8220;.vc_custom_1568900386871{background-image: url(https:\/\/www.loosdrechtyachting.nl\/wp-content\/uploads\/2019\/09\/test.png?id=16248) !important;}&#8220;][vc_column][vc_column_text] Willkommen! [\/vc_column_text][vc_separator type=&#8220;normal&#8220; transparency=&#8220;0&#8243; up=&#8220;10&#8243; down=&#8220;10&#8243;][\/vc_column][\/vc_row][vc_row css_animation=&#8220;&#8220; row_type=&#8220;row&#8220; use_row_as_full_screen_section=&#8220;no&#8220; type=&#8220;grid&#8220; angled_section=&#8220;no&#8220; text_align=&#8220;left&#8220; background_image_as_pattern=&#8220;without_pattern&#8220; background_color=&#8220;#ffffff&#8220; padding_top=&#8220;72&#8243; padding_bottom=&#8220;0&#8243;][vc_column width=&#8220;1\/3&#8243;][vc_row_inner row_type=&#8220;row&#8220; type=&#8220;full_width&#8220; text_align=&#8220;center&#8220; css_animation=&#8220;element_from_fade&#8220; transition_delay=&#8220;200&#8243;][vc_column_inner][\/vc_column_inner][\/vc_row_inner][vc_separator type=&#8220;transparent&#8220;&#8230;<\/p>\n","protected":false},"author":2,"featured_media":0,"parent":0,"menu_order":0,"comment_status":"open","ping_status":"open","template":"full_width.php","meta":{"footnotes":""},"class_list":["post-14869","page","type-page","status-publish","hentry"],"_links":{"self":[{"href":"https:\/\/www.loosdrechtyachting.nl\/de\/wp-json\/wp\/v2\/pages\/14869","targetHints":{"allow":["GET"]}}],"collection":[{"href":"https:\/\/www.loosdrechtyachting.nl\/de\/wp-json\/wp\/v2\/pages"}],"about":[{"href":"https:\/\/www.loosdrechtyachting.nl\/de\/wp-json\/wp\/v2\/types\/page"}],"author":[{"embeddable":true,"href":"https:\/\/www.loosdrechtyachting.nl\/de\/wp-json\/wp\/v2\/users\/2"}],"replies":[{"embeddable":true,"href":"https:\/\/www.loosdrechtyachting.nl\/de\/wp-json\/wp\/v2\/comments?post=14869"}],"version-history":[{"count":237,"href":"https:\/\/www.loosdrechtyachting.nl\/de\/wp-json\/wp\/v2\/pages\/14869\/revisions"}],"predecessor-version":[{"id":16414,"href":"https:\/\/www.loosdrechtyachting.nl\/de\/wp-json\/wp\/v2\/pages\/14869\/revisions\/16414"}],"wp:attachment":[{"href":"https:\/\/www.loosdrechtyachting.nl\/de\/wp-json\/wp\/v2\/media?parent=14869"}],"curies":[{"name":"wp","href":"https:\/\/api.w.org\/{rel}","templated":true}]}}